{"id":1686,"date":"2020-06-01T21:01:28","date_gmt":"2020-06-01T19:01:28","guid":{"rendered":"http:\/\/vonluepke-music.de\/?page_id=1686"},"modified":"2020-06-08T21:47:00","modified_gmt":"2020-06-08T19:47:00","slug":"workshop","status":"publish","type":"page","link":"https:\/\/vonluepke-music.de\/?page_id=1686","title":{"rendered":"Workshop"},"content":{"rendered":"<section class=\"l-section wpb_row height_auto\"><div class=\"l-section-overlay\" style=\"background:#bbcadd\"><\/div><div class=\"l-section-h i-cf\"><div class=\"g-cols vc_row via_flex valign_top type_default\"><div class=\"vc_col-sm-12 wpb_column vc_column_container us_animate_afc\"><div class=\"vc_column-inner us_custom_a5c8ceb2\"><div class=\"wpb_wrapper\"><div class=\"wpb_text_column\"><div class=\"wpb_wrapper\"><h1 style=\"text-align: center;\">Gesangsworkshop<\/h1>\n<p><span style=\"font-family: Trebuchet MS, sans-serif;\">Jeder Mensch tr\u00e4gt mit der Stimme sein ganz individuelles Instrument in sich, das ein schier unersch\u00f6pfliches Potential an klanglichen M\u00f6glichkeiten bietet. Die Stimme fasziniert und ber\u00fchrt so unmittelbar, wie kein anderes Instrument. In der Musik hat die Stimme daher einen besonderen Stellenwert, sie erz\u00e4hlt Geschichten, weckt Emotionen und bringt zum Tr\u00e4umen.\u00a0<\/span><\/p>\n<\/div><\/div><\/div><\/div><\/div><\/div><\/div><\/section><section class=\"l-section wpb_row us_custom_b03640aa height_medium full_height valign_top with_img parallax_ver\"><div class=\"l-section-img\" style=\"background-image: url(https:\/\/vonluepke-music.de\/wp-content\/uploads\/2020\/06\/Mont-Lozere-scaled-e1591615812905.jpg);background-position: top center;\" data-img-width=\"1500\" data-img-height=\"1000\"><\/div><div class=\"l-section-h i-cf\"><div class=\"g-cols vc_row via_flex valign_top type_default\"><div class=\"vc_col-sm-12 wpb_column vc_column_container us_animate_afc\"><div class=\"vc_column-inner us_custom_0ff5cc34\"><div class=\"wpb_wrapper\"><\/div><\/div><\/div><\/div><\/div><\/section><section class=\"l-section wpb_row height_auto\"><div class=\"l-section-overlay\" style=\"background:#bbcadd\"><\/div><div class=\"l-section-h i-cf\"><div class=\"g-cols vc_row via_flex valign_top type_default\"><div class=\"vc_col-sm-12 wpb_column vc_column_container\"><div class=\"vc_column-inner\"><div class=\"wpb_wrapper\"><div class=\"wpb_text_column us_custom_f3f68ac4\"><div class=\"wpb_wrapper\"><p><span style=\"font-family: Trebuchet MS, sans-serif;\"><span lang=\"de-DE\">\u00dcber den musikalischen Aspekt hinaus hat die Besch\u00e4ftigung mit der Stimme einen nicht zu untersch\u00e4tzenden Effekt auf unsere pers\u00f6nliche Ausstrahlung, denn diese wird ganz wesentlich von unserer Stimme bestimmt. Eine klangvolle, ausdrucksstarke Stimme wirkt souver\u00e4n und \u00fcberzeug<\/span><\/span><span style=\"font-family: Trebuchet MS, sans-serif;\"><span lang=\"de-DE\">end und belohnt mit einem angenehmen K\u00f6rpergef\u00fchl<\/span><\/span><span style=\"font-family: Trebuchet MS, sans-serif;\"><span lang=\"de-DE\">. Es lohnt sich doppelt, sich mit seinem ganz pers\u00f6nlichen stimmlichen Potential zu besch\u00e4ftigen \u2013 <\/span><\/span><span style=\"font-family: Trebuchet MS, sans-serif;\"><span lang=\"de-DE\">und <\/span><\/span><span style=\"font-family: Trebuchet MS, sans-serif;\"><span lang=\"de-DE\">es macht Spa\u00df!\u00a0<\/span><\/span><\/p>\n<\/div><\/div><div class=\"wpb_text_column us_custom_f1bdabef\"><div class=\"wpb_wrapper\"><p><span style=\"font-family: Trebuchet MS, sans-serif;\">Auf ihrer Entdeckungsreise zur eigenen Stimme zeige ich Ihnen wie Sie Ihre Stimme und deren klangliches Potential entfalten k\u00f6nnen. Anhand von Atem-, Bewegungs- und Wahrnehmungs\u00fcbungen zeige ich Ihnen den Weg zu einer unverkrampften, klangvollen und beweglichen Stimme. K\u00f6rperwahrnehmung und eine ausgeglichene Balance zwischen Spannung und Entspannung sind der Schl\u00fcssel zu einer gesunden Stimme.\u00a0<\/span><\/p>\n<p><span style=\"font-family: Trebuchet MS, sans-serif;\">Der Unterricht findet in entspannter Atmosph\u00e4re statt, der Spa\u00df an der Musik steht im Vordergrund. In der Gruppe oder auch im Einzelunterricht haben Sie die M\u00f6glichkeit, sich mit der Musik und ihrem ganz pers\u00f6nlichen Instrument intensiv zu besch\u00e4ftigen. Themen und Schwerpunkte sind Stimm- und Atemtechnik, Schulung von Geh\u00f6r, Rhythmik und Intonation. Kennenlernen und Interpretation von Musik aus den diversen Genres der Jazz, Rock oder Pop-Stilistik, Improvisation &#8211; Spiel mit Melodie, Rhythmik und Klang.\u00a0<\/span><\/p>\n<p><span style=\"font-family: Trebuchet MS, sans-serif;\">Die Kombination zwischen einem kreativen und intensiven Musikworkshop und Urlaub finde ich wunderbar. In einer inspirierenden sch\u00f6nen Umgebung weitab vom Stress und Alltag sind wir offen f\u00fcr Neues, f\u00fcr Anregungen und Erfahrungen. Hier entdecken wir unsere Kreativit\u00e4t und Musikalit\u00e4t jeden Tag ein St\u00fcckchen mehr und genie\u00dfen die Natur und den Reiz der wundersch\u00f6nen Umgebung. Ob Toskana oder vielleicht S\u00fcdfrankreich &#8211; mal sehen, wohin die n\u00e4chste Reise geht.\u00a0<\/span><\/p>\n<p><span style=\"font-family: Trebuchet MS, sans-serif;\">Melden Sie sich bei Interesse. Ich nehme Sie in meinen Mailverteiler auf und melde mich, wenn ich einen Workshop anbieten kann.\u00a0<\/span><\/p>\n<\/div><\/div>\n\t\t\t<!-- START Workshop kleiner REVOLUTION SLIDER 6.5.16 --><p class=\"rs-p-wp-fix\"><\/p>\n\t\t\t<rs-module-wrap id=\"rev_slider_14_1_wrapper\" data-source=\"gallery\" style=\"visibility:hidden;background:transparent;padding:0;margin:0px auto;margin-top:0;margin-bottom:0;\">\n\t\t\t\t<rs-module id=\"rev_slider_14_1\" style=\"\" data-version=\"6.5.16\">\n\t\t\t\t\t<rs-slides>\n\t\t\t\t\t\t<rs-slide style=\"position: absolute;\" data-key=\"rs-59\" data-title=\"Slide\" data-anim=\"ms:1000;r:0;\" data-in=\"o:0;\" data-out=\"a:false;\">\n\t\t\t\t\t\t\t<img decoding=\"async\" src=\"\/\/vonluepke-music.de\/wp-content\/plugins\/revslider\/public\/assets\/assets\/dummy.png\" alt=\"Slide\" title=\"Workshop\" class=\"rev-slidebg tp-rs-img rs-lazyload\" data-lazyload=\"\/\/vonluepke-music.de\/wp-content\/plugins\/revslider\/public\/assets\/assets\/transparent.png\" data-no-retina>\n<!--\n\t\t\t\t\t\t\t--><rs-layer\n\t\t\t\t\t\t\t\tid=\"slider-14-slide-59-layer-0\" \n\t\t\t\t\t\t\t\tdata-type=\"image\"\n\t\t\t\t\t\t\t\tdata-rsp_ch=\"on\"\n\t\t\t\t\t\t\t\tdata-xy=\"x:c;y:50px;\"\n\t\t\t\t\t\t\t\tdata-text=\"w:normal;\"\n\t\t\t\t\t\t\t\tdata-dim=\"w:1000px;h:632px;\"\n\t\t\t\t\t\t\t\tdata-frame_999=\"o:0;st:w;\"\n\t\t\t\t\t\t\t\tstyle=\"z-index:5;\"\n\t\t\t\t\t\t\t><img loading=\"lazy\" decoding=\"async\" src=\"\/\/vonluepke-music.de\/wp-content\/plugins\/revslider\/public\/assets\/assets\/dummy.png\" alt=\"\" class=\"tp-rs-img rs-lazyload\" width=\"1266\" height=\"800\" data-lazyload=\"\/\/vonluepke-music.de\/wp-content\/uploads\/2020\/06\/Chor-Birgit-Klavier-heller-neu-800-hoch.jpg\" data-no-retina> \n\t\t\t\t\t\t\t<\/rs-layer><!--\n-->\t\t\t\t\t\t<\/rs-slide>\n\t\t\t\t\t\t<rs-slide style=\"position: absolute;\" data-key=\"rs-60\" data-title=\"Slide\" data-anim=\"ms:1000;r:0;\" data-in=\"o:0;\" data-out=\"a:false;\">\n\t\t\t\t\t\t\t<img decoding=\"async\" src=\"\/\/vonluepke-music.de\/wp-content\/plugins\/revslider\/public\/assets\/assets\/dummy.png\" alt=\"Slide\" title=\"Workshop\" class=\"rev-slidebg tp-rs-img rs-lazyload\" data-lazyload=\"\/\/vonluepke-music.de\/wp-content\/plugins\/revslider\/public\/assets\/assets\/transparent.png\" data-no-retina>\n<!--\n\t\t\t\t\t\t\t--><rs-layer\n\t\t\t\t\t\t\t\tid=\"slider-14-slide-60-layer-0\" \n\t\t\t\t\t\t\t\tdata-type=\"image\"\n\t\t\t\t\t\t\t\tdata-rsp_ch=\"on\"\n\t\t\t\t\t\t\t\tdata-xy=\"x:c;y:50px;\"\n\t\t\t\t\t\t\t\tdata-text=\"w:normal;\"\n\t\t\t\t\t\t\t\tdata-dim=\"w:1000px;h:758px;\"\n\t\t\t\t\t\t\t\tdata-frame_999=\"o:0;st:w;\"\n\t\t\t\t\t\t\t\tstyle=\"z-index:5;\"\n\t\t\t\t\t\t\t><img loading=\"lazy\" decoding=\"async\" src=\"\/\/vonluepke-music.de\/wp-content\/plugins\/revslider\/public\/assets\/assets\/dummy.png\" alt=\"\" class=\"tp-rs-img rs-lazyload\" width=\"1055\" height=\"800\" data-lazyload=\"\/\/vonluepke-music.de\/wp-content\/uploads\/2020\/06\/Birgit-Workshop-800-hoch.jpg\" data-no-retina> \n\t\t\t\t\t\t\t<\/rs-layer><!--\n-->\t\t\t\t\t\t<\/rs-slide>\n\t\t\t\t\t\t<rs-slide style=\"position: absolute;\" data-key=\"rs-61\" data-title=\"Slide\" data-anim=\"ms:1000;r:0;\" data-in=\"o:0;\" data-out=\"a:false;\">\n\t\t\t\t\t\t\t<img decoding=\"async\" src=\"\/\/vonluepke-music.de\/wp-content\/plugins\/revslider\/public\/assets\/assets\/dummy.png\" alt=\"Slide\" title=\"Workshop\" class=\"rev-slidebg tp-rs-img rs-lazyload\" data-lazyload=\"\/\/vonluepke-music.de\/wp-content\/plugins\/revslider\/public\/assets\/assets\/transparent.png\" data-no-retina>\n<!--\n\t\t\t\t\t\t\t--><rs-layer\n\t\t\t\t\t\t\t\tid=\"slider-14-slide-61-layer-0\" \n\t\t\t\t\t\t\t\tdata-type=\"image\"\n\t\t\t\t\t\t\t\tdata-rsp_ch=\"on\"\n\t\t\t\t\t\t\t\tdata-xy=\"x:c;y:50px;\"\n\t\t\t\t\t\t\t\tdata-text=\"w:normal;\"\n\t\t\t\t\t\t\t\tdata-dim=\"w:1000px;h:865px;\"\n\t\t\t\t\t\t\t\tdata-frame_999=\"o:0;st:w;\"\n\t\t\t\t\t\t\t\tstyle=\"z-index:5;\"\n\t\t\t\t\t\t\t><img loading=\"lazy\" decoding=\"async\" src=\"\/\/vonluepke-music.de\/wp-content\/plugins\/revslider\/public\/assets\/assets\/dummy.png\" alt=\"\" class=\"tp-rs-img rs-lazyload\" width=\"925\" height=\"800\" data-lazyload=\"\/\/vonluepke-music.de\/wp-content\/uploads\/2020\/06\/Birgit-Toskana-Chor-4-800-hoch.jpg\" data-no-retina> \n\t\t\t\t\t\t\t<\/rs-layer><!--\n-->\t\t\t\t\t\t<\/rs-slide>\n\t\t\t\t\t\t<rs-slide style=\"position: absolute;\" data-key=\"rs-62\" data-title=\"Slide\" data-anim=\"ms:1000;r:0;\" data-in=\"o:0;\" data-out=\"a:false;\">\n\t\t\t\t\t\t\t<img decoding=\"async\" src=\"\/\/vonluepke-music.de\/wp-content\/plugins\/revslider\/public\/assets\/assets\/dummy.png\" alt=\"Slide\" title=\"Workshop\" class=\"rev-slidebg tp-rs-img rs-lazyload\" data-lazyload=\"\/\/vonluepke-music.de\/wp-content\/plugins\/revslider\/public\/assets\/assets\/transparent.png\" data-no-retina>\n<!--\n\t\t\t\t\t\t\t--><rs-layer\n\t\t\t\t\t\t\t\tid=\"slider-14-slide-62-layer-0\" \n\t\t\t\t\t\t\t\tdata-type=\"image\"\n\t\t\t\t\t\t\t\tdata-rsp_ch=\"on\"\n\t\t\t\t\t\t\t\tdata-xy=\"x:c;y:50px;\"\n\t\t\t\t\t\t\t\tdata-text=\"w:normal;\"\n\t\t\t\t\t\t\t\tdata-dim=\"w:1000px;h:600px;\"\n\t\t\t\t\t\t\t\tdata-frame_999=\"o:0;st:w;\"\n\t\t\t\t\t\t\t\tstyle=\"z-index:5;\"\n\t\t\t\t\t\t\t><img loading=\"lazy\" decoding=\"async\" src=\"\/\/vonluepke-music.de\/wp-content\/plugins\/revslider\/public\/assets\/assets\/dummy.png\" alt=\"\" class=\"tp-rs-img rs-lazyload\" width=\"1334\" height=\"800\" data-lazyload=\"\/\/vonluepke-music.de\/wp-content\/uploads\/2020\/06\/Birgit-Rondel-Gruppe-800-hoch.jpg\" data-no-retina> \n\t\t\t\t\t\t\t<\/rs-layer><!--\n-->\t\t\t\t\t\t<\/rs-slide>\n\t\t\t\t\t\t<rs-slide style=\"position: absolute;\" data-key=\"rs-63\" data-title=\"Slide\" data-anim=\"ms:1000;r:0;\" data-in=\"o:0;\" data-out=\"a:false;\">\n\t\t\t\t\t\t\t<img decoding=\"async\" src=\"\/\/vonluepke-music.de\/wp-content\/plugins\/revslider\/public\/assets\/assets\/dummy.png\" alt=\"Slide\" title=\"Workshop\" class=\"rev-slidebg tp-rs-img rs-lazyload\" data-lazyload=\"\/\/vonluepke-music.de\/wp-content\/plugins\/revslider\/public\/assets\/assets\/transparent.png\" data-no-retina>\n<!--\n\t\t\t\t\t\t\t--><rs-layer\n\t\t\t\t\t\t\t\tid=\"slider-14-slide-63-layer-0\" \n\t\t\t\t\t\t\t\tdata-type=\"image\"\n\t\t\t\t\t\t\t\tdata-rsp_ch=\"on\"\n\t\t\t\t\t\t\t\tdata-xy=\"x:c;y:50px;\"\n\t\t\t\t\t\t\t\tdata-text=\"w:normal;\"\n\t\t\t\t\t\t\t\tdata-dim=\"w:1000px;h:572px;\"\n\t\t\t\t\t\t\t\tdata-frame_999=\"o:0;st:w;\"\n\t\t\t\t\t\t\t\tstyle=\"z-index:5;\"\n\t\t\t\t\t\t\t><img loading=\"lazy\" decoding=\"async\" src=\"\/\/vonluepke-music.de\/wp-content\/plugins\/revslider\/public\/assets\/assets\/dummy.png\" alt=\"\" class=\"tp-rs-img rs-lazyload\" width=\"1398\" height=\"800\" data-lazyload=\"\/\/vonluepke-music.de\/wp-content\/uploads\/2020\/06\/Birgit-Workshop-4-800-hoch.jpg\" data-no-retina> \n\t\t\t\t\t\t\t<\/rs-layer><!--\n-->\t\t\t\t\t\t<\/rs-slide>\n\t\t\t\t\t\t<rs-slide style=\"position: absolute;\" data-key=\"rs-64\" data-title=\"Slide\" data-anim=\"ms:1000;r:0;\" data-in=\"o:0;\" data-out=\"a:false;\">\n\t\t\t\t\t\t\t<img decoding=\"async\" src=\"\/\/vonluepke-music.de\/wp-content\/plugins\/revslider\/public\/assets\/assets\/dummy.png\" alt=\"Slide\" title=\"Workshop\" class=\"rev-slidebg tp-rs-img rs-lazyload\" data-lazyload=\"\/\/vonluepke-music.de\/wp-content\/plugins\/revslider\/public\/assets\/assets\/transparent.png\" data-no-retina>\n<!--\n\t\t\t\t\t\t\t--><rs-layer\n\t\t\t\t\t\t\t\tid=\"slider-14-slide-64-layer-0\" \n\t\t\t\t\t\t\t\tdata-type=\"image\"\n\t\t\t\t\t\t\t\tdata-rsp_ch=\"on\"\n\t\t\t\t\t\t\t\tdata-xy=\"x:c;y:50px;\"\n\t\t\t\t\t\t\t\tdata-text=\"w:normal;\"\n\t\t\t\t\t\t\t\tdata-dim=\"w:1000px;h:779px;\"\n\t\t\t\t\t\t\t\tdata-frame_999=\"o:0;st:w;\"\n\t\t\t\t\t\t\t\tstyle=\"z-index:5;\"\n\t\t\t\t\t\t\t><img loading=\"lazy\" decoding=\"async\" src=\"\/\/vonluepke-music.de\/wp-content\/plugins\/revslider\/public\/assets\/assets\/dummy.png\" alt=\"\" class=\"tp-rs-img rs-lazyload\" width=\"1027\" height=\"800\" data-lazyload=\"\/\/vonluepke-music.de\/wp-content\/uploads\/2020\/06\/Birgit-Toskana-Chor-2-800-hoch.jpg\" data-no-retina> \n\t\t\t\t\t\t\t<\/rs-layer><!--\n-->\t\t\t\t\t\t<\/rs-slide>\n\t\t\t\t\t\t<rs-slide style=\"position: absolute;\" data-key=\"rs-65\" data-title=\"Slide\" data-anim=\"ms:1000;r:0;\" data-in=\"o:0;\" data-out=\"a:false;\">\n\t\t\t\t\t\t\t<img decoding=\"async\" src=\"\/\/vonluepke-music.de\/wp-content\/plugins\/revslider\/public\/assets\/assets\/dummy.png\" alt=\"Slide\" title=\"Workshop\" class=\"rev-slidebg tp-rs-img rs-lazyload\" data-lazyload=\"\/\/vonluepke-music.de\/wp-content\/plugins\/revslider\/public\/assets\/assets\/transparent.png\" data-no-retina>\n<!--\n\t\t\t\t\t\t\t--><rs-layer\n\t\t\t\t\t\t\t\tid=\"slider-14-slide-65-layer-0\" \n\t\t\t\t\t\t\t\tdata-type=\"image\"\n\t\t\t\t\t\t\t\tdata-rsp_ch=\"on\"\n\t\t\t\t\t\t\t\tdata-xy=\"x:c;y:50px;\"\n\t\t\t\t\t\t\t\tdata-text=\"w:normal;\"\n\t\t\t\t\t\t\t\tdata-dim=\"w:1000px;h:663px;\"\n\t\t\t\t\t\t\t\tdata-frame_999=\"o:0;st:w;\"\n\t\t\t\t\t\t\t\tstyle=\"z-index:5;\"\n\t\t\t\t\t\t\t><img loading=\"lazy\" decoding=\"async\" src=\"\/\/vonluepke-music.de\/wp-content\/plugins\/revslider\/public\/assets\/assets\/dummy.png\" alt=\"\" class=\"tp-rs-img rs-lazyload\" width=\"1206\" height=\"800\" data-lazyload=\"\/\/vonluepke-music.de\/wp-content\/uploads\/2020\/06\/Birgit-Workshop-5-800-hoch.jpg\" data-no-retina> \n\t\t\t\t\t\t\t<\/rs-layer><!--\n-->\t\t\t\t\t\t<\/rs-slide>\n\t\t\t\t\t<\/rs-slides>\n\t\t\t\t<\/rs-module>\n\t\t\t\t<script>\n\t\t\t\t\tsetREVStartSize({c: 'rev_slider_14_1',rl:[1240,1024,778,480],el:[800],gw:[1240],gh:[800],type:'standard',justify:'',layout:'fullwidth',mh:\"0\"});if (window.RS_MODULES!==undefined && window.RS_MODULES.modules!==undefined && window.RS_MODULES.modules[\"revslider141\"]!==undefined) {window.RS_MODULES.modules[\"revslider141\"].once = false;window.revapi14 = undefined;if (window.RS_MODULES.checkMinimal!==undefined) window.RS_MODULES.checkMinimal()}\n\t\t\t\t<\/script>\n\t\t\t<\/rs-module-wrap>\n\t\t\t<!-- END REVOLUTION SLIDER -->\n<\/div><\/div><\/div><\/div><\/div><\/section>\n","protected":false},"excerpt":{"rendered":"Gesangsworkshop Jeder Mensch tr\u00e4gt mit der Stimme sein ganz individuelles Instrument in sich, das ein schier unersch\u00f6pfliches Potential an klanglichen M\u00f6glichkeiten bietet. Die Stimme fasziniert und ber\u00fchrt so unmittelbar, wie kein anderes Instrument. In der Musik hat die Stimme daher einen besonderen Stellenwert, sie erz\u00e4hlt Geschichten, weckt Emotionen und bringt zum Tr\u00e4umen.\u00a0 \u00dcber den musikalischen...","protected":false},"author":1,"featured_media":0,"parent":0,"menu_order":0,"comment_status":"closed","ping_status":"closed","template":"","meta":{"footnotes":""},"class_list":["post-1686","page","type-page","status-publish","hentry"],"_links":{"self":[{"href":"https:\/\/vonluepke-music.de\/index.php?rest_route=\/wp\/v2\/pages\/1686","targetHints":{"allow":["GET"]}}],"collection":[{"href":"https:\/\/vonluepke-music.de\/index.php?rest_route=\/wp\/v2\/pages"}],"about":[{"href":"https:\/\/vonluepke-music.de\/index.php?rest_route=\/wp\/v2\/types\/page"}],"author":[{"embeddable":true,"href":"https:\/\/vonluepke-music.de\/index.php?rest_route=\/wp\/v2\/users\/1"}],"replies":[{"embeddable":true,"href":"https:\/\/vonluepke-music.de\/index.php?rest_route=%2Fwp%2Fv2%2Fcomments&post=1686"}],"version-history":[{"count":60,"href":"https:\/\/vonluepke-music.de\/index.php?rest_route=\/wp\/v2\/pages\/1686\/revisions"}],"predecessor-version":[{"id":1780,"href":"https:\/\/vonluepke-music.de\/index.php?rest_route=\/wp\/v2\/pages\/1686\/revisions\/1780"}],"wp:attachment":[{"href":"https:\/\/vonluepke-music.de\/index.php?rest_route=%2Fwp%2Fv2%2Fmedia&parent=1686"}],"curies":[{"name":"wp","href":"https:\/\/api.w.org\/{rel}","templated":true}]}}